{"id":20,"date":"2023-06-14T12:42:26","date_gmt":"2023-06-14T12:42:26","guid":{"rendered":"https:\/\/fewo-sommerhalde.com\/?page_id=20"},"modified":"2023-09-05T07:35:53","modified_gmt":"2023-09-05T07:35:53","slug":"ausfluege-und-aktivitaeten","status":"publish","type":"page","link":"https:\/\/fewo-sommerhalde.com\/en\/tips-for-the-region\/","title":{"rendered":"Tips for the region"},"content":{"rendered":"<div class=\"wp-block-group\">\n\t<strong>Weizen &#8211; 4km:<\/strong><br \/><a href=\"https:\/\/sauschwaenzlebahn.de\/\" target=\"_blank\" rel=\"noreferrer noopener\" data-type=\"URL\" data-id=\"https:\/\/sauschwaenzlebahn.de\/\"> Historic Sauschw\u00e4nzlebahn <\/a><\/p>\n<\/div>\n<div class=\"wp-block-group\">\n\t<strong>Grafenhausen &#8211; 18km:<\/strong><br \/>\n\t<a href=\"https:\/\/www.schwarzwaldhausdersinne.de\/\" target=\"_blank\" rel=\"noreferrer noopener\" data-type=\"URL\" data-id=\"https:\/\/www.schwarzwaldhausdersinne.de\/\">Black Forest House of the Senses<\/a><br \/>\n\t<a href=\"https:\/\/www.hochschwarzwald.de\/touren\/schluehuewanapark-naturerlebnispfad-6158d5817c\" target=\"_blank\" rel=\"noreferrer noopener\" data-type=\"URL\" data-id=\"https:\/\/www.hochschwarzwald.de\/touren\/ schluehuewanapark-naturerlebnispfad-6158d5817c\">Schl\u00fch\u00fcwana nature adventure path<\/a><br \/>\n\t<a style=\"display:inline;\" href=\"https:\/\/www.schluechtsee.de\/\" target=\"_blank\" rel=\"noreferrer noopener\" data-type=\"URL\" data-id=\"https:\/\/www.schluechtsee.de\/\">Schluchtsee<\/a> (small natural bathing lake with kiosk)<br \/>\n\t<a href=\"https:\/\/www.black-forest-tourism.info\/attractions\/heimatmuseum-huesli-8a783c4360\" target=\"_blank\" rel=\"noreferrer noopener\" data-type=\"URL\" data-id=\"https:\/\/www.black-forest-tourism. info\/attractions\/heimatmuseum-huesli-8a783c4360\">H\u00fcsli Museum<\/a><br \/>\n\t<a href=\"https:\/\/www.hochschwarzwald.de\/instrumente\/spielplatz-bei-der-brauerei-rothaus-f1856eb11a\" target=\"_blank\" rel=\"noreferrer noopener\" data-type=\"URL\" data-id=\"https:\/\/www. hochschwarzwald.de\/attractions\/spielplatz-bei-der-brauerei-rothaus-f1856eb11a\">Gr. Playground at the Rothaus Brewery<\/a><\/p>\n<\/div>\n<div class=\"wp-block-group\">\n\t<strong>Neuhausen CH &#8211; 20km:<\/strong><br \/>\n\t<a href=\"https:\/\/ap-rheinfall.ch\/\" target=\"_blank\" rel=\"noreferrer noopener\" data-type=\"URL\" data-id=\"https:\/\/ap-rheinfall.ch\/\">Rheinfall Adventure Park (high ropes course) at the Rheinfall CH<\/a><\/p>\n<\/div\n\t\t\t\n\n\n\n<div class=\"wp-block-group\">\n\t<a href=\"https:\/\/www.kuessaberg.info\/touristinfo\/impressionen\/ruine-kuessaburg\" target=\"_blank\" rel=\"noreferrer noopener\" data-type=\"URL\" data-id=\"https:\/\/www.kuessaberg.info\/touristinfo\/ impressions\/ruine-kuessaburg\">Castle ruins in K\u00fcssaburg<\/a> near<strong> Bechtersbohl<\/strong> &#8211; 21km<\/p>\n<\/div>\n<div class=\"wp-block-group\">\n\t<a href=\"https:\/\/www.tatzmania.com\/\" target=\"_blank\" rel=\"noreferrer noopener\" data-type=\"URL\" data-id=\"https:\/\/www.tatzmania.com\/\">Tazmania <\/a>in<strong> L\u00f6ffingen<\/strong> &#8211; 28km<\/p>\n<\/div>\n<div class=\"wp-block-group\">\n\t<a href=\"https:\/\/www.action-forest.com\/kletterwald-schwarzwald\/\" target=\"_blank\" rel=\"noreferrer noopener\" data-type=\"URL\" data-id=\"https:\/\/www.action-forest.com\/kletterwald -black forest\/\">Action Forest climbing forest<\/a> in<br \/>\n\t<strong>Titisee<\/strong> &#8211; 42km<\/p>\n<\/div>\n<div class=\"wp-block-group\">\n\t<a href=\"https:\/\/www.festungsruine-hohentwiel.de\/\" data-type=\"URL\" data-id=\"https:\/\/www.festungsruine-hohentwiel.de\/\">Hohentwiel castle ruins<\/a> at <strong>Singen<\/strong> &#8211; 43km<\/p>\n<\/div>\n<div class=\"wp-block-group\">\n\t<a href=\"https:\/\/www.technorama.ch\/de\/home\" target=\"_blank\" rel=\"noreferrer noopener\" data-type=\"URL\" data-id=\"https:\/\/www.technorama.ch\/de\/home\">Technorama in <strong>Winterthur<\/strong><\/a> (CH) 45km<\/p>\n<\/div>\n<div class=\"wp-block-group\">\n\t<a href=\"https:\/\/www.bernau-schwarzwald.de\/eip\/pages\/zauberwald-pfad.php\" target=\"_blank\" rel=\"noreferrer noopener\" data-type=\"URL\" data-id=\"https:\/\/www.bernau-schwarzwald.de\/eip\/pages\/zauberwald-pfad.php\">Magic forest path at <strong>Bernau<\/strong><\/a> &#8211; 46km<\/p>\n<\/div>\n<div class=\"wp-block-group\">\n\t<strong>Bad S\u00e4ckingen &#8211; 51km:<\/strong><br \/>\n\t<a href=\"https:\/\/www.kletterwald-hochempor.de\/\" target=\"_blank \" rel=\"noreferrer noopener\" data-type=\"URL\" data-id=\"https:\/\/www.kletterwald-hochempor.de\/\">Wild kids and golf world in Hochempor climbing forest near Bad S\u00e4ckingen<\/a><\/p>\n<\/div>\n<div class=\"wp-block-group\">\n\t<a href=\"https:\/\/www.hasenhorn-rodelbahn.de\/\" target=\"_blank\" rel=\"noreferrer noopener\" data-type=\"URL\" data-id=\"https:\/\/www.hasenhorn-rodelbahn.de \/\">Summer toboggan run in <strong>Todtnau<\/strong><\/a> &#8211; 61km<\/p>\n<\/div>\n<div class=\"wp-block-group\">\n\t<a href=\"https:\/\/www.campus-galli.de\/\" target=\"_blank \" rel=\"noreferrer noopener\" data-type=\"URL\" data-id=\"https:\/\/www.campus-galli.de\/\">Campus Galli<\/a> (monastery construction site) <strong>Me\u00dfkirch<\/strong> &#8211; 70km<\/p>\n<\/div>\n<div class=\"wp-block-group\">\n\t<strong style=\"text-decoration: underline;\">Swimming facilities:<\/strong><br \/>\n\t<a href=\"https:\/\/www.schwimmfreunde-stuehlingen.de\/\" target=\"_blank \" rel=\"noreferrer noopener\" data-type=\"URL\" data-id=\"https:\/\/www.schwimmfreunde-stuehlingen.de\/\">Swimming pool <strong>St\u00fchlingen<\/strong><\/a> Weilertalweg<br \/>\n\t<a href=\"https:\/\/eggingen.de\/freizeit\/naturbadesee\/\" target=\"_blank \" rel=\"noreferrer noopener\" data-type=\"URL\" data-id=\"https:\/\/eggingen.de\/freizeit\/naturbadesee\/\">Natural bathing lake in <strong>Eggingen<\/strong><\/a>&#8211; 8km<br \/>\n\t<a href=\"https:\/\/www.schluechtsee.de\/\" target=\"_blank\" rel=\"noreferrer noopener\" data-type=\"URL\" data-id=\"https:\/\/www.schluechtsee.de\/\">Schluchtsee<\/a> near <strong>Grafenhausen<\/strong> &#8211; 18km<br \/>\n\t<a href=\"https:\/\/www.klettgau.de\/freizeit-tourismus\/klettgaubad\" target=\"_blank\" rel=\"noreferrer noopener\" data-type=\"URL\" data-id=\"https:\/\/www.klettgau.de\/freizeit-tourismus\/ klettgaubad\">Outdoor swimming pool and mini golf in <strong>Erzingen<\/strong><\/a> &#8211; 18km<br \/>\n\t<a href=\"https:\/\/www.lauchringen.de\/web\/freibad\/index\" target=\"_blank\" rel=\"noreferrer noopener\" data-type=\"URL\" data-id=\"https:\/\/www.lauchringen.de\/web\/freibad\/index\">Outdoor pool in\t<strong>Lauchringen<\/strong><\/a> &#8211; 22km<br \/>\n\t<a href=\"https:\/\/www.waldshut-tiengen.de\/freizeit\/erleben\/schwimm-und-hallenbaeder\/freibad-waldshut\" target=\"_blank\" rel=\"noreferrer noopener\" data-type=\"URL\" data-id=\"https:\/\/ www.waldshut-tiengen.de\/freizeit\/erleben\/schwimm-und-hallenbaeder\/freibad-waldshut\">Swimming pool<\/a> and \t<a href=\"http:\/\/www .minigolf-waldshut.de\/\" target=\"_blank\" rel=\"noreferrer noopener\" data-type=\"URL\" data-id=\"http:\/\/www.minigolf-waldshut.de\/\">Minigolf<\/a> in<strong> Waldshut<\/strong> &#8211; 25km<br \/>\n\t<a href=\"http:\/\/www.schluchsee.de\/\" target=\"_blank\" rel=\"noreferrer noopener\" data-type=\"URL\" data-id=\"http:\/\/www.schluchsee.de\/\"><strong>Schluchsee<\/strong><\/a> &#8211; 27km<br \/>\n\t<a href=\"https:\/\/www.thermezurzach.ch\/\" target=\"_blank\" rel=\"noreferrer noopener\" data-type=\"URL\" data-id=\"https:\/\/www.thermezurzach.ch\/\">Thermal bath in <strong>Bad Zurzach<\/strong><\/a> (CH) &#8211; 30km<br \/>\n\t<a href=\"https:\/\/badduerrheim.de\/solemar\/willkommen\/\" target=\"_blank \" rel=\"noreferrer noopener\" data-type=\"URL\" data-id=\"https:\/\/badduerrheim.de\/solemar\/willkommen\/\">Solemar in <strong>Bad D\u00fcrrheim<\/strong><\/a> &#8211; 39km<br \/>\n\t<a href=\"https:\/\/www.badeparadies-schwarzwald.de\/\" target=\"_blank \" rel=\"noreferrer noopener\" data-type=\"URL\" data-id=\"https:\/\/www.badeparadies-schwarzwald.de\/\">Swimming paradise in <strong>Titisee<\/strong><\/a> &#8211; 42km<\/p>\n<\/div>\n<div class=\"wp-block-group\">\n\t<strong style=\"text-decoration: underline;\">Boat tours:<\/strong> Rhine in<br \/>\n\t<a href=\"https:\/\/www.waldshut-tiengen.de\/freizeit\/erleben\/rheinschifffahrt\" target=\"_blank\" rel=\"noreferrer noopener\" data-type=\"URL\" data-id=\"https:\/\/www.waldshut-tiengen. de\/leisure\/experience\/river on the Rhine\">Waldshut<\/a> or <a href=\"https:\/\/www.urh.ch\/\" target=\"_blank\" rel=\"noreferrer noopener\" data-type=\"URL\" data-id=\"https:\/\/www.urh.ch\/\">Schaffhausen (CH)<\/a><br \/>\n\t<a href=\"https:\/\/www.hochschwarzwald.de\/attraktionen\/seerundfahrten-auf-dem-schluchsee-b43c5356f8\" target=\"_blank\" rel=\"noreferrer noopener\" data-type=\"URL\" data-id=\"https:\/\/www.hochschwarzwald.de\/attraktionen\/seerundfahrten-auf-dem-schluchsee-b43c5356f8\">Schluchsee<\/a><\/p>\n<\/div>\n<div class=\"wp-block-group\">\n\t<strong style=\"text-decoration: underline;\">Other:<\/strong><br \/>\n\t<a href=\"https:\/\/www.golf-oberealp.de\/\" target=\"_blank \" rel=\"noreferrer noopener\" data-type=\"URL\" data-id=\"https:\/\/www.golf-oberealp.de\/\">Golf Club Obere Alp<\/a> &#8211; 7km<br \/>\n\t<a href=\"https:\/\/www.bohlhof.de\/flug\/rundfluege\" target=\"_blank\" rel=\"noreferrer noopener\" data-type=\"URL\" data-id=\"https:\/\/www.bohlhof.de\/flug\/rundfluege\">Bohlhof sightseeing flights<\/a> &#8211; 17km<br \/>\n\t<a href=\"https:\/\/www.rothaus.de\/gnusswelt\/brauereigasthof\" target=\"_blank\" rel=\"noreferrer noopener\" data-type=\"URL\" data-id=\"https:\/\/www.rothaus.de\/gnusswelt\/brauereigasthof\">Rothaus Brewery<\/a> &#8211; 21km<br \/>\n\t<a href=\"https:\/\/www.waldhaus-bier.de\/privatbrauerei\/\" target=\"_blank\" rel=\"noreferrer noopener\" data-type=\"URL\" data-id=\"https:\/\/www.waldhaus-bier.de\/privatbrauerei\/\">Waldhaus Brewery<\/a> &#8211; 33km<br \/>\n\t<a href=\"https:\/\/www.kartbahn-waldshut.de\/\" target=\"_blank \" rel=\"noreferrer noopener\" data-type=\"URL\" data-id=\"https:\/\/www.kartbahn-waldshut.de\/\">Kart track<\/a> and <a href=\"https:\/\/lasermaxx-waldshut.de\/\" target=\"_blank\" rel=\"noreferrer noopener\" data-type=\"URL\" data-id=\"https:\/\/lasermaxx-waldshut. de\/\">Lasermaxx<\/a> in Waldshut &#8211; 25km<\/p>\n<\/div>\n<p><strong style=\"text-decoration: underline;\">Nice cities to stroll around and stop off<\/strong>:<\/p>\n<div class=\"wp-block-group\">\n\t<strong>Tiengen &#8211; 20km:<\/strong><br \/>\n\tBeautiful old town<\/p>\n<\/div>\n<div class=\"wp-block-group\">\n\t<strong>Waldshut &#8211; 25km:<\/strong><br \/>\n\tSwimming pool and mini golf<br \/>\n\tDeer park<br \/>\n\tCinema<\/p>\n<\/div>\n<div class=\"wp-block-group\">\n\t<strong>Schaffhausen (CH) -20km:<\/strong><br \/>\n\tRheinfall (Neuhausen)<br \/>\n\tMuses and cinemas<br \/>\n\tExcursions on the Rhine<\/p>\n<\/div>\n<div class=\"wp-block-group\">\n\t<strong>Donaueschingen 32km:<\/strong><br \/>\n\tMuses and Cinema<\/p>\n<\/div>\n<div class=\"wp-block-group\">\n\t<strong>Singen &#8211; 43km:<\/strong><br \/>\n\tHohentwiel castle ruins<br \/>\n\tMuses and cinemas<\/p>\n<\/div>\n<div class=\"wp-block-group\">\n\t<strong>Bad S\u00e4ckingen &#8211; <\/strong>Beautiful town on the Rhine &#8211; 51km<br \/>\n\t<strong>Radolfzell &#8211; <\/strong>Lake Constance &#8211; 55km<br \/>\n\t<strong>Constance<\/strong> &#8211; Lake Constance &#8211; 75km<br \/>\n\t<strong>Fribourg<\/strong> &#8211; 75km\n<\/div>\n","protected":false},"excerpt":{"rendered":"<p>Weizen &#8211; 4km: Historic Sauschw\u00e4nzlebahn Grafenhausen &#8211; 18km: Black Forest House of the Senses Schl\u00fch\u00fcwana nature adventure path Schluchtsee (small natural bathing lake with kiosk) H\u00fcsli Museum Gr. Playground at the Rothaus Brewery Neuhausen CH &#8211; 20km: Rheinfall Adventure Park (high ropes course) at the Rheinfall CH<\/p>\n","protected":false},"author":1,"featured_media":0,"parent":0,"menu_order":0,"comment_status":"closed","ping_status":"closed","template":"","meta":{"pgc_sgb_lightbox_settings":"","footnotes":""},"class_list":["post-20","page","type-page","status-publish","hentry"],"_links":{"self":[{"href":"https:\/\/fewo-sommerhalde.com\/en\/wp-json\/wp\/v2\/pages\/20","targetHints":{"allow":["GET"]}}],"collection":[{"href":"https:\/\/fewo-sommerhalde.com\/en\/wp-json\/wp\/v2\/pages"}],"about":[{"href":"https:\/\/fewo-sommerhalde.com\/en\/wp-json\/wp\/v2\/types\/page"}],"author":[{"embeddable":true,"href":"https:\/\/fewo-sommerhalde.com\/en\/wp-json\/wp\/v2\/users\/1"}],"replies":[{"embeddable":true,"href":"https:\/\/fewo-sommerhalde.com\/en\/wp-json\/wp\/v2\/comments?post=20"}],"version-history":[{"count":23,"href":"https:\/\/fewo-sommerhalde.com\/en\/wp-json\/wp\/v2\/pages\/20\/revisions"}],"predecessor-version":[{"id":435,"href":"https:\/\/fewo-sommerhalde.com\/en\/wp-json\/wp\/v2\/pages\/20\/revisions\/435"}],"wp:attachment":[{"href":"https:\/\/fewo-sommerhalde.com\/en\/wp-json\/wp\/v2\/media?parent=20"}],"curies":[{"name":"wp","href":"https:\/\/api.w.org\/{rel}","templated":true}]}}